{"id":525,"date":"2024-04-01T10:21:06","date_gmt":"2024-04-01T02:21:06","guid":{"rendered":"https:\/\/sterubber.com\/?post_type=product&#038;p=525"},"modified":"2024-04-07T10:34:15","modified_gmt":"2024-04-07T02:34:15","slug":"juntas-toricas","status":"publish","type":"product","link":"https:\/\/www.sterubber.com\/es\/product\/o-rings\/","title":{"rendered":"juntas t\u00f3ricas"},"content":{"rendered":"<p>Informaci\u00f3n sobre juntas t\u00f3ricas<\/p>\n<p>Configuraci\u00f3n: redonda<\/p>\n<p>Material: Elast\u00f3mero, CR, NBR, FKM, EPDM, Silicona<\/p>\n<p>Aplicaciones: para v\u00e1lvulas, aplicaciones qu\u00edmicas, industria petrolera, cajas de engranajes, productos qu\u00edmicos, equipos de miner\u00eda, sistemas de refrigeraci\u00f3n, bombas, aplicaciones industriales, maquinaria para la industria alimentaria, equipos de construcci\u00f3n, calderas, aire acondicionado, industria farmac\u00e9utica, accesorios, bridas, caucho, para maquinaria agr\u00edcola, para sistemas de agua, para fluidos hidr\u00e1ulicos, para aplicaciones de alta temperatura, para autom\u00f3viles, para aplicaciones hidr\u00e1ulicas, para tuber\u00edas, para camiones<\/p>\n<p>Fluidos corporales: para gases<\/p>\n<p>Otras caracter\u00edsticas: acci\u00f3n simple, est\u00e1tica, personalizada, alta presi\u00f3n, alta temperatura, gran di\u00e1metro, gran<\/p>\n<p>L\u00edmites de temperatura: M\u00e1xima: 250 \u00b0C (482 \u00b0F) M\u00ednima: -50 \u00b0C (-58 \u00b0F)<\/p>\n<p>L\u00edmites de presi\u00f3n: M\u00e1ximo: 2000 bar (29 007,5 psi) M\u00ednimo: 0 bar (0 psi)<\/p>\n\n<table id=\"tablepress-1\" class=\"tablepress tablepress-id-1 tbody-has-connected-cells\">\n<thead>\n<tr class=\"row-1\">\n\t<th class=\"column-1\">Nombre del producto<\/th><th class=\"column-2\">Material<\/th><th class=\"column-3\">Dureza<\/th><th class=\"column-4\">Temperatura<\/th>\n<\/tr>\n<\/thead>\n<tbody class=\"row-striping row-hover\">\n<tr class=\"row-2\">\n\t<td rowspan=\"6\" class=\"column-1\">Juntas t\u00f3ricas de caucho<\/td><td class=\"column-2\">NBR (Buna, Nitrilo)\t<\/td><td class=\"column-3\">60-90A<\/td><td class=\"column-4\">-40\u2103-110\u2103<\/td>\n<\/tr>\n<tr class=\"row-3\">\n\t<td class=\"column-2\">FKM(FPM)\t<\/td><td class=\"column-3\">70-90A<\/td><td class=\"column-4\">-20\u2103-220\u2103<\/td>\n<\/tr>\n<tr class=\"row-4\">\n\t<td class=\"column-2\">EPDM<\/td><td class=\"column-3\">60-90A<\/td><td class=\"column-4\">-45\u2103-150\u2103<\/td>\n<\/tr>\n<tr class=\"row-5\">\n\t<td class=\"column-2\">Silicona (VMQ)\t<\/td><td class=\"column-3\">10-70A<\/td><td class=\"column-4\">-55\u2103-204\u2103<\/td>\n<\/tr>\n<tr class=\"row-6\">\n\t<td class=\"column-2\">HNBR<\/td><td class=\"column-3\">60-90A<\/td><td class=\"column-4\">-48\u2103-180\u2103<\/td>\n<\/tr>\n<tr class=\"row-7\">\n\t<td class=\"column-2\">FFKM (FFKM, Kalrez)\t<\/td><td class=\"column-3\">70-90A<\/td><td class=\"column-4\">-18\u2103-326\u2103<\/td>\n<\/tr>\n<\/tbody>\n<\/table>\n<!-- #tablepress-1 from cache -->\n<p class=\"p\">Una junta t\u00f3rica es un anillo circular con una secci\u00f3n transversal circular que garantiza un sellado herm\u00e9tico contra todo tipo de fluidos y gases. Todos los compuestos y piezas se desarrollan y fabrican en nuestras instalaciones seg\u00fan los m\u00e1s altos est\u00e1ndares de la industria. Tama\u00f1os: Amplia gama de tama\u00f1os est\u00e1ndar en stock. Est\u00e1ndares de tama\u00f1o internacionales (AS568, BS1806, ISO3601, LJF Bague R...). Juntas t\u00f3ricas especialmente dise\u00f1adas para su proyecto. Compuestos: Amplia gama de compuestos: EPDM, FKM, NBR, HNBR, ACM, AEM, FFKM, butilo, silicona, fluorosilicona... Compuestos aprobados para alimentos, agua potable, gas y gas\u00f3leo. Dureza Shao de 50 a 98. Rango de temperatura de -50 \u00b0C a +250 \u00b0C. Soporta altas presiones de vac\u00edo de hasta 2000 bar. Requisitos espec\u00edficos de limpieza.<\/p>","protected":false},"excerpt":{"rendered":"<p>Una junta t\u00f3rica es un anillo circular con una secci\u00f3n transversal circular que garantiza un sellado herm\u00e9tico contra todo tipo de fluidos y gases. Todos los compuestos y piezas se desarrollan y fabrican en nuestras instalaciones seg\u00fan los m\u00e1s altos est\u00e1ndares de la industria. Tama\u00f1os: Amplia gama de tama\u00f1os est\u00e1ndar en stock. Est\u00e1ndares de tama\u00f1o internacionales (AS568, BS1806, ISO3601, LJF Bague R...). Juntas t\u00f3ricas especialmente dise\u00f1adas para su proyecto. Compuestos: Amplia gama de compuestos: EPDM, FKM, NBR, HNBR, ACM, AEM, FFKM, butilo, silicona, fluorosilicona... Compuestos aprobados para alimentos, agua potable, gas y gas\u00f3leo. Dureza Shao de 50 a 98. Rango de temperatura de -50 \u00b0C a +250 \u00b0C. Soporta altas presiones de vac\u00edo de hasta 2000 bar. Requisitos espec\u00edficos de limpieza.<\/p>","protected":false},"featured_media":527,"comment_status":"open","ping_status":"closed","template":"","meta":{"site-sidebar-layout":"default","site-content-layout":"","ast-site-content-layout":"default","site-content-style":"default","site-sidebar-style":"default","ast-global-header-display":"","ast-banner-title-visibility":"","ast-main-header-display":"","ast-hfb-above-header-display":"","ast-hfb-below-header-display":"","ast-hfb-mobile-header-display":"","site-post-title":"","ast-breadcrumbs-content":"","ast-featured-img":"","footer-sml-layout":"","ast-disable-related-posts":"","theme-transparent-header-meta":"default","adv-header-id-meta":"","stick-header-meta":"","header-above-stick-meta":"","header-main-stick-meta":"","header-below-stick-meta":"","astra-migrate-meta-layouts":"set","ast-page-background-enabled":"default","ast-page-background-meta":{"desktop":{"background-color":"var(--ast-global-color-4)","background-image":"","background-repeat":"repeat","background-position":"center center","background-size":"auto","background-attachment":"scroll","background-type":"","background-media":"","overlay-type":"","overlay-color":"","overlay-opacity":"","overlay-gradient":""},"tablet":{"background-color":"","background-image":"","background-repeat":"repeat","background-position":"center center","background-size":"auto","background-attachment":"scroll","background-type":"","background-media":"","overlay-type":"","overlay-color":"","overlay-opacity":"","overlay-gradient":""},"mobile":{"background-color":"","background-image":"","background-repeat":"repeat","background-position":"center center","background-size":"auto","background-attachment":"scroll","background-type":"","background-media":"","overlay-type":"","overlay-color":"","overlay-opacity":"","overlay-gradient":""}},"ast-content-background-meta":{"desktop":{"background-color":"var(--ast-global-color-5)","background-image":"","background-repeat":"repeat","background-position":"center center","background-size":"auto","background-attachment":"scroll","background-type":"","background-media":"","overlay-type":"","overlay-color":"","overlay-opacity":"","overlay-gradient":""},"tablet":{"background-color":"var(--ast-global-color-5)","background-image":"","background-repeat":"repeat","background-position":"center center","background-size":"auto","background-attachment":"scroll","background-type":"","background-media":"","overlay-type":"","overlay-color":"","overlay-opacity":"","overlay-gradient":""},"mobile":{"background-color":"var(--ast-global-color-5)","background-image":"","background-repeat":"repeat","background-position":"center center","background-size":"auto","background-attachment":"scroll","background-type":"","background-media":"","overlay-type":"","overlay-color":"","overlay-opacity":"","overlay-gradient":""}}},"product_brand":[],"product_cat":[25,23],"product_tag":[],"class_list":{"0":"post-525","1":"product","2":"type-product","3":"status-publish","4":"has-post-thumbnail","6":"product_cat-o-rings","7":"product_cat-rubber-seals","8":"desktop-align-center","9":"tablet-align-left","10":"mobile-align-left","12":"first","13":"instock","14":"shipping-taxable","15":"product-type-simple"},"_links":{"self":[{"href":"https:\/\/www.sterubber.com\/es\/wp-json\/wp\/v2\/product\/525","targetHints":{"allow":["GET"]}}],"collection":[{"href":"https:\/\/www.sterubber.com\/es\/wp-json\/wp\/v2\/product"}],"about":[{"href":"https:\/\/www.sterubber.com\/es\/wp-json\/wp\/v2\/types\/product"}],"replies":[{"embeddable":true,"href":"https:\/\/www.sterubber.com\/es\/wp-json\/wp\/v2\/comments?post=525"}],"wp:featuredmedia":[{"embeddable":true,"href":"https:\/\/www.sterubber.com\/es\/wp-json\/wp\/v2\/media\/527"}],"wp:attachment":[{"href":"https:\/\/www.sterubber.com\/es\/wp-json\/wp\/v2\/media?parent=525"}],"wp:term":[{"taxonomy":"product_brand","embeddable":true,"href":"https:\/\/www.sterubber.com\/es\/wp-json\/wp\/v2\/product_brand?post=525"},{"taxonomy":"product_cat","embeddable":true,"href":"https:\/\/www.sterubber.com\/es\/wp-json\/wp\/v2\/product_cat?post=525"},{"taxonomy":"product_tag","embeddable":true,"href":"https:\/\/www.sterubber.com\/es\/wp-json\/wp\/v2\/product_tag?post=525"}],"curies":[{"name":"wp","href":"https:\/\/api.w.org\/{rel}","templated":true}]}}