{"id":518,"date":"2024-04-01T10:13:48","date_gmt":"2024-04-01T02:13:48","guid":{"rendered":"https:\/\/sterubber.com\/?post_type=product&#038;p=518"},"modified":"2024-04-07T10:33:57","modified_gmt":"2024-04-07T02:33:57","slug":"junta-torica-recubierta-encapsulada-de-ptfe","status":"publish","type":"product","link":"https:\/\/www.sterubber.com\/es\/product\/ptfe-encapsulated-coated-o-ring\/","title":{"rendered":"Junta t\u00f3rica recubierta con encapsulado de PTFE"},"content":{"rendered":"<p>PTFE Combinando la elasticidad y el sellado del caucho con la resistencia qu\u00edmica del tefl\u00f3n, est\u00e1 compuesto por una silicona o<br \/>\nN\u00facleo interior de caucho fluorado y una cubierta exterior relativamente delgada de tefl\u00f3n FEP o tefl\u00f3n PFA. Este anillo de sellado de tefl\u00f3n de caucho tiene<br \/>\nExcelente rendimiento de sellado. Las juntas t\u00f3ricas de caucho son f\u00e1ciles de desgastar, resistentes a los qu\u00edmicos y permeables a los gases. Las juntas t\u00f3ricas de tefl\u00f3n puro tienen mayor dureza y resistencia a la compresi\u00f3n, pero presentan poca elasticidad.<br \/>\n<strong>Principales ventajas:<\/strong><br \/>\nExcelente resistencia qu\u00edmica, adecuado para casi todos los medios qu\u00edmicos: excelente resistencia a la corrosi\u00f3n, buena resistencia a la compresi\u00f3n, buena resistencia al hinchamiento, resistencia a altas temperaturas y una amplia gama de aplicaciones de temperatura.<br \/>\n<strong>Rango de temperatura aplicable:<\/strong><br \/>\nCarcasa de tefl\u00f3n FEP: -60 \u2103-205 \u2103, puede usarse brevemente a temperaturas de 260 \u2103. Carcasa de tefl\u00f3n PFA: -60 \u2103-260 \u2103, puede usarse brevemente a temperaturas de 300 \u2103.<br \/>\n<strong>Usos:\u00a0<\/strong>bombas, v\u00e1lvulas, sellos mec\u00e1nicos, filtros, recipientes de reacci\u00f3n, recipientes a presi\u00f3n, intercambiadores de calor, calderas, bridas de tuber\u00edas, compresores de gas.<\/p>","protected":false},"excerpt":{"rendered":"<p>PTFE Combinando la elasticidad y el sellado del caucho con la resistencia qu\u00edmica del tefl\u00f3n, est\u00e1 compuesto por una silicona o<br \/>\nN\u00facleo interior de caucho fluorado y una cubierta exterior relativamente delgada de tefl\u00f3n FEP o tefl\u00f3n PFA. Este anillo de sellado de tefl\u00f3n de caucho tiene<br \/>\nExcelente rendimiento de sellado. Las juntas t\u00f3ricas de caucho son f\u00e1ciles de desgastar, resistentes a los qu\u00edmicos y permeables a los gases. Las juntas t\u00f3ricas de tefl\u00f3n puro tienen mayor dureza y resistencia a la compresi\u00f3n, pero presentan poca elasticidad.<\/p>","protected":false},"featured_media":521,"comment_status":"open","ping_status":"closed","template":"","meta":{"site-sidebar-layout":"default","site-content-layout":"","ast-site-content-layout":"default","site-content-style":"default","site-sidebar-style":"default","ast-global-header-display":"","ast-banner-title-visibility":"","ast-main-header-display":"","ast-hfb-above-header-display":"","ast-hfb-below-header-display":"","ast-hfb-mobile-header-display":"","site-post-title":"","ast-breadcrumbs-content":"","ast-featured-img":"","footer-sml-layout":"","ast-disable-related-posts":"","theme-transparent-header-meta":"default","adv-header-id-meta":"","stick-header-meta":"","header-above-stick-meta":"","header-main-stick-meta":"","header-below-stick-meta":"","astra-migrate-meta-layouts":"set","ast-page-background-enabled":"default","ast-page-background-meta":{"desktop":{"background-color":"var(--ast-global-color-4)","background-image":"","background-repeat":"repeat","background-position":"center center","background-size":"auto","background-attachment":"scroll","background-type":"","background-media":"","overlay-type":"","overlay-color":"","overlay-opacity":"","overlay-gradient":""},"tablet":{"background-color":"","background-image":"","background-repeat":"repeat","background-position":"center center","background-size":"auto","background-attachment":"scroll","background-type":"","background-media":"","overlay-type":"","overlay-color":"","overlay-opacity":"","overlay-gradient":""},"mobile":{"background-color":"","background-image":"","background-repeat":"repeat","background-position":"center center","background-size":"auto","background-attachment":"scroll","background-type":"","background-media":"","overlay-type":"","overlay-color":"","overlay-opacity":"","overlay-gradient":""}},"ast-content-background-meta":{"desktop":{"background-color":"var(--ast-global-color-5)","background-image":"","background-repeat":"repeat","background-position":"center center","background-size":"auto","background-attachment":"scroll","background-type":"","background-media":"","overlay-type":"","overlay-color":"","overlay-opacity":"","overlay-gradient":""},"tablet":{"background-color":"var(--ast-global-color-5)","background-image":"","background-repeat":"repeat","background-position":"center center","background-size":"auto","background-attachment":"scroll","background-type":"","background-media":"","overlay-type":"","overlay-color":"","overlay-opacity":"","overlay-gradient":""},"mobile":{"background-color":"var(--ast-global-color-5)","background-image":"","background-repeat":"repeat","background-position":"center center","background-size":"auto","background-attachment":"scroll","background-type":"","background-media":"","overlay-type":"","overlay-color":"","overlay-opacity":"","overlay-gradient":""}}},"product_brand":[],"product_cat":[25,23],"product_tag":[],"class_list":{"0":"post-518","1":"product","2":"type-product","3":"status-publish","4":"has-post-thumbnail","6":"product_cat-o-rings","7":"product_cat-rubber-seals","8":"desktop-align-center","9":"tablet-align-left","10":"mobile-align-left","12":"first","13":"instock","14":"shipping-taxable","15":"product-type-simple"},"_links":{"self":[{"href":"https:\/\/www.sterubber.com\/es\/wp-json\/wp\/v2\/product\/518","targetHints":{"allow":["GET"]}}],"collection":[{"href":"https:\/\/www.sterubber.com\/es\/wp-json\/wp\/v2\/product"}],"about":[{"href":"https:\/\/www.sterubber.com\/es\/wp-json\/wp\/v2\/types\/product"}],"replies":[{"embeddable":true,"href":"https:\/\/www.sterubber.com\/es\/wp-json\/wp\/v2\/comments?post=518"}],"wp:featuredmedia":[{"embeddable":true,"href":"https:\/\/www.sterubber.com\/es\/wp-json\/wp\/v2\/media\/521"}],"wp:attachment":[{"href":"https:\/\/www.sterubber.com\/es\/wp-json\/wp\/v2\/media?parent=518"}],"wp:term":[{"taxonomy":"product_brand","embeddable":true,"href":"https:\/\/www.sterubber.com\/es\/wp-json\/wp\/v2\/product_brand?post=518"},{"taxonomy":"product_cat","embeddable":true,"href":"https:\/\/www.sterubber.com\/es\/wp-json\/wp\/v2\/product_cat?post=518"},{"taxonomy":"product_tag","embeddable":true,"href":"https:\/\/www.sterubber.com\/es\/wp-json\/wp\/v2\/product_tag?post=518"}],"curies":[{"name":"wp","href":"https:\/\/api.w.org\/{rel}","templated":true}]}}