{"id":502,"date":"2024-04-01T10:03:07","date_gmt":"2024-04-01T02:03:07","guid":{"rendered":"https:\/\/sterubber.com\/?post_type=product&#038;p=502"},"modified":"2024-04-07T10:32:10","modified_gmt":"2024-04-07T02:32:10","slug":"junta-torica-de-poliuretano","status":"publish","type":"product","link":"https:\/\/www.sterubber.com\/es\/product\/polyurethane-o-ring-seal\/","title":{"rendered":"Junta t\u00f3rica de poliuretano"},"content":{"rendered":"<p style=\"font-weight: 400;\"><strong>Poliuretano (PU) O<\/strong><strong>\u00a0<\/strong><strong>Sellos de anillo<\/strong><\/p>\n<p style=\"font-weight: 400;\">Caracter\u00edsticas:<\/p>\n<p style=\"font-weight: 400;\">El poliuretano es un elast\u00f3mero compuesto por unidades org\u00e1nicas unidas por enlaces de uretano. Este material se utiliza para fabricar desde esponjas de espuma hasta bujes para autom\u00f3viles y fibras sint\u00e9ticas como el spandex. Las juntas t\u00f3ricas, las juntas de poliuretano y los sellos de poliuretano son ideales para aplicaciones que requieren caracter\u00edsticas de caucho o pl\u00e1stico, pero con la durabilidad necesaria para resistir entornos exigentes que estos materiales no podr\u00edan. Presentan excelente resistencia a la abrasi\u00f3n, resistencia qu\u00edmica, elasticidad y rebote. El poliuretano tambi\u00e9n es altamente resistente a la abrasi\u00f3n, cortes, grietas, impactos fuertes y cargas pesadas.<\/p>\n<p>La junta t\u00f3rica es adecuada para su instalaci\u00f3n en todo tipo de equipos mec\u00e1nicos, en la temperatura y presi\u00f3n especificadas, as\u00ed como<br \/>\ncomo diferentes medios l\u00edquidos y gaseosos, en reposo o en movimiento del efecto de sellado.<br \/>\nEn m\u00e1quinas herramientas, barcos, autom\u00f3viles, equipos aeroespaciales, maquinaria metal\u00fargica, maquinaria qu\u00edmica, maquinaria de ingenier\u00eda, maquinaria de construcci\u00f3n, maquinaria minera, maquinaria petrolera, maquinaria de pl\u00e1stico, maquinaria agr\u00edcola y todo tipo de instrumentos y medidores, una gran cantidad de aplicaciones de varios tipos de componentes de sellado.<\/p>","protected":false},"excerpt":{"rendered":"<p>El poliuretano es un elast\u00f3mero compuesto por unidades org\u00e1nicas unidas por enlaces de uretano. Este material se utiliza para fabricar desde esponjas de espuma hasta bujes para autom\u00f3viles y fibras sint\u00e9ticas como el spandex. Las juntas t\u00f3ricas, las juntas de poliuretano y los sellos de poliuretano son ideales para aplicaciones que requieren caracter\u00edsticas de caucho o pl\u00e1stico, pero con la durabilidad necesaria para resistir entornos exigentes que estos materiales no podr\u00edan. Presentan excelente resistencia a la abrasi\u00f3n, resistencia qu\u00edmica, elasticidad y rebote. El poliuretano tambi\u00e9n es altamente resistente a la abrasi\u00f3n, cortes, grietas, impactos fuertes y cargas pesadas.<\/p>","protected":false},"featured_media":504,"comment_status":"open","ping_status":"closed","template":"","meta":{"site-sidebar-layout":"default","site-content-layout":"","ast-site-content-layout":"default","site-content-style":"default","site-sidebar-style":"default","ast-global-header-display":"","ast-banner-title-visibility":"","ast-main-header-display":"","ast-hfb-above-header-display":"","ast-hfb-below-header-display":"","ast-hfb-mobile-header-display":"","site-post-title":"","ast-breadcrumbs-content":"","ast-featured-img":"","footer-sml-layout":"","ast-disable-related-posts":"","theme-transparent-header-meta":"default","adv-header-id-meta":"","stick-header-meta":"","header-above-stick-meta":"","header-main-stick-meta":"","header-below-stick-meta":"","astra-migrate-meta-layouts":"set","ast-page-background-enabled":"default","ast-page-background-meta":{"desktop":{"background-color":"var(--ast-global-color-4)","background-image":"","background-repeat":"repeat","background-position":"center center","background-size":"auto","background-attachment":"scroll","background-type":"","background-media":"","overlay-type":"","overlay-color":"","overlay-opacity":"","overlay-gradient":""},"tablet":{"background-color":"","background-image":"","background-repeat":"repeat","background-position":"center center","background-size":"auto","background-attachment":"scroll","background-type":"","background-media":"","overlay-type":"","overlay-color":"","overlay-opacity":"","overlay-gradient":""},"mobile":{"background-color":"","background-image":"","background-repeat":"repeat","background-position":"center center","background-size":"auto","background-attachment":"scroll","background-type":"","background-media":"","overlay-type":"","overlay-color":"","overlay-opacity":"","overlay-gradient":""}},"ast-content-background-meta":{"desktop":{"background-color":"var(--ast-global-color-5)","background-image":"","background-repeat":"repeat","background-position":"center center","background-size":"auto","background-attachment":"scroll","background-type":"","background-media":"","overlay-type":"","overlay-color":"","overlay-opacity":"","overlay-gradient":""},"tablet":{"background-color":"var(--ast-global-color-5)","background-image":"","background-repeat":"repeat","background-position":"center center","background-size":"auto","background-attachment":"scroll","background-type":"","background-media":"","overlay-type":"","overlay-color":"","overlay-opacity":"","overlay-gradient":""},"mobile":{"background-color":"var(--ast-global-color-5)","background-image":"","background-repeat":"repeat","background-position":"center center","background-size":"auto","background-attachment":"scroll","background-type":"","background-media":"","overlay-type":"","overlay-color":"","overlay-opacity":"","overlay-gradient":""}}},"product_brand":[],"product_cat":[25,23],"product_tag":[],"class_list":{"0":"post-502","1":"product","2":"type-product","3":"status-publish","4":"has-post-thumbnail","6":"product_cat-o-rings","7":"product_cat-rubber-seals","8":"desktop-align-center","9":"tablet-align-left","10":"mobile-align-left","12":"first","13":"instock","14":"shipping-taxable","15":"product-type-simple"},"_links":{"self":[{"href":"https:\/\/www.sterubber.com\/es\/wp-json\/wp\/v2\/product\/502","targetHints":{"allow":["GET"]}}],"collection":[{"href":"https:\/\/www.sterubber.com\/es\/wp-json\/wp\/v2\/product"}],"about":[{"href":"https:\/\/www.sterubber.com\/es\/wp-json\/wp\/v2\/types\/product"}],"replies":[{"embeddable":true,"href":"https:\/\/www.sterubber.com\/es\/wp-json\/wp\/v2\/comments?post=502"}],"wp:featuredmedia":[{"embeddable":true,"href":"https:\/\/www.sterubber.com\/es\/wp-json\/wp\/v2\/media\/504"}],"wp:attachment":[{"href":"https:\/\/www.sterubber.com\/es\/wp-json\/wp\/v2\/media?parent=502"}],"wp:term":[{"taxonomy":"product_brand","embeddable":true,"href":"https:\/\/www.sterubber.com\/es\/wp-json\/wp\/v2\/product_brand?post=502"},{"taxonomy":"product_cat","embeddable":true,"href":"https:\/\/www.sterubber.com\/es\/wp-json\/wp\/v2\/product_cat?post=502"},{"taxonomy":"product_tag","embeddable":true,"href":"https:\/\/www.sterubber.com\/es\/wp-json\/wp\/v2\/product_tag?post=502"}],"curies":[{"name":"wp","href":"https:\/\/api.w.org\/{rel}","templated":true}]}}