{"id":495,"date":"2024-04-01T10:00:07","date_gmt":"2024-04-01T02:00:07","guid":{"rendered":"https:\/\/sterubber.com\/?post_type=product&#038;p=495"},"modified":"2024-04-07T10:31:55","modified_gmt":"2024-04-07T02:31:55","slug":"juntas-toricas-de-epdm","status":"publish","type":"product","link":"https:\/\/www.sterubber.com\/es\/product\/epdm-o-rings\/","title":{"rendered":"Juntas t\u00f3ricas de EPDM"},"content":{"rendered":"<figure id=\"attachment_496\" aria-describedby=\"caption-attachment-496\" style=\"width: 749px\" class=\"wp-caption aligncenter\"><img fetchpriority=\"high\" decoding=\"async\" class=\"wp-image-496 size-full\" src=\"https:\/\/sterubber.com\/wp-content\/uploads\/2024\/04\/EPDM-O-rings-6.png\" alt=\"Juntas t\u00f3ricas de EPDM 6\" width=\"749\" height=\"274\" srcset=\"https:\/\/www.sterubber.com\/wp-content\/uploads\/2024\/04\/EPDM-O-rings-6.png 749w, https:\/\/www.sterubber.com\/wp-content\/uploads\/2024\/04\/EPDM-O-rings-6-300x110.png 300w, https:\/\/www.sterubber.com\/wp-content\/uploads\/2024\/04\/EPDM-O-rings-6-600x219.png 600w\" sizes=\"(max-width: 749px) 100vw, 749px\" \/><figcaption id=\"caption-attachment-496\" class=\"wp-caption-text\">Juntas t\u00f3ricas de EPDM 6<\/figcaption><\/figure>\n<p style=\"font-weight: 400;\">EPM, EPDM (caucho de etileno propileno)<\/p>\n<p style=\"font-weight: 400;\">Rango de temperatura: -50 \u2103 - 150 \u2103<\/p>\n<p style=\"font-weight: 400;\">Dureza: 40-90 Shore A<\/p>\n<p style=\"font-weight: 400;\">Color: Negro, otro color que se puede personalizar.<\/p>\n<p style=\"font-weight: 400;\">Ventaja: Excelente resistencia al ozono, resistencia al calor, resistencia al vapor, resistencia al fr\u00edo.<\/p>\n<p>La junta t\u00f3rica es adecuada para su instalaci\u00f3n en todo tipo de equipos mec\u00e1nicos, en la temperatura y presi\u00f3n especificadas, as\u00ed como<br \/>\ncomo diferentes medios l\u00edquidos y gaseosos, en reposo o en movimiento del efecto de sellado.<br \/>\nEn m\u00e1quinas herramientas, barcos, autom\u00f3viles, equipos aeroespaciales, maquinaria metal\u00fargica, maquinaria qu\u00edmica, maquinaria de ingenier\u00eda, maquinaria de construcci\u00f3n, maquinaria minera, maquinaria petrolera, maquinaria de pl\u00e1stico, maquinaria agr\u00edcola y todo tipo de instrumentos y medidores, una gran cantidad de aplicaciones de varios tipos de componentes de sellado.<\/p>\n<p>&nbsp;<\/p>\n<p>&nbsp;<\/p>","protected":false},"excerpt":{"rendered":"<p style=\"font-weight: 400;\">EPM, EPDM (caucho de etileno propileno)<\/p>\n<p style=\"font-weight: 400;\">Rango de temperatura: -50 \u2103 - 150 \u2103<\/p>\n<p style=\"font-weight: 400;\">Dureza: 40-90 Shore A<\/p>\n<p style=\"font-weight: 400;\">Color: Negro, otro color que se puede personalizar.<\/p>\n<p style=\"font-weight: 400;\">Ventaja: Excelente resistencia al ozono, resistencia al calor, resistencia al vapor, resistencia al fr\u00edo.<\/p>","protected":false},"featured_media":498,"comment_status":"open","ping_status":"closed","template":"","meta":{"site-sidebar-layout":"default","site-content-layout":"","ast-site-content-layout":"default","site-content-style":"default","site-sidebar-style":"default","ast-global-header-display":"","ast-banner-title-visibility":"","ast-main-header-display":"","ast-hfb-above-header-display":"","ast-hfb-below-header-display":"","ast-hfb-mobile-header-display":"","site-post-title":"","ast-breadcrumbs-content":"","ast-featured-img":"","footer-sml-layout":"","ast-disable-related-posts":"","theme-transparent-header-meta":"default","adv-header-id-meta":"","stick-header-meta":"","header-above-stick-meta":"","header-main-stick-meta":"","header-below-stick-meta":"","astra-migrate-meta-layouts":"set","ast-page-background-enabled":"default","ast-page-background-meta":{"desktop":{"background-color":"var(--ast-global-color-4)","background-image":"","background-repeat":"repeat","background-position":"center center","background-size":"auto","background-attachment":"scroll","background-type":"","background-media":"","overlay-type":"","overlay-color":"","overlay-opacity":"","overlay-gradient":""},"tablet":{"background-color":"","background-image":"","background-repeat":"repeat","background-position":"center center","background-size":"auto","background-attachment":"scroll","background-type":"","background-media":"","overlay-type":"","overlay-color":"","overlay-opacity":"","overlay-gradient":""},"mobile":{"background-color":"","background-image":"","background-repeat":"repeat","background-position":"center center","background-size":"auto","background-attachment":"scroll","background-type":"","background-media":"","overlay-type":"","overlay-color":"","overlay-opacity":"","overlay-gradient":""}},"ast-content-background-meta":{"desktop":{"background-color":"var(--ast-global-color-5)","background-image":"","background-repeat":"repeat","background-position":"center center","background-size":"auto","background-attachment":"scroll","background-type":"","background-media":"","overlay-type":"","overlay-color":"","overlay-opacity":"","overlay-gradient":""},"tablet":{"background-color":"var(--ast-global-color-5)","background-image":"","background-repeat":"repeat","background-position":"center center","background-size":"auto","background-attachment":"scroll","background-type":"","background-media":"","overlay-type":"","overlay-color":"","overlay-opacity":"","overlay-gradient":""},"mobile":{"background-color":"var(--ast-global-color-5)","background-image":"","background-repeat":"repeat","background-position":"center center","background-size":"auto","background-attachment":"scroll","background-type":"","background-media":"","overlay-type":"","overlay-color":"","overlay-opacity":"","overlay-gradient":""}}},"product_brand":[],"product_cat":[25,23],"product_tag":[],"class_list":{"0":"post-495","1":"product","2":"type-product","3":"status-publish","4":"has-post-thumbnail","6":"product_cat-o-rings","7":"product_cat-rubber-seals","8":"desktop-align-center","9":"tablet-align-left","10":"mobile-align-left","12":"first","13":"instock","14":"shipping-taxable","15":"product-type-simple"},"_links":{"self":[{"href":"https:\/\/www.sterubber.com\/es\/wp-json\/wp\/v2\/product\/495","targetHints":{"allow":["GET"]}}],"collection":[{"href":"https:\/\/www.sterubber.com\/es\/wp-json\/wp\/v2\/product"}],"about":[{"href":"https:\/\/www.sterubber.com\/es\/wp-json\/wp\/v2\/types\/product"}],"replies":[{"embeddable":true,"href":"https:\/\/www.sterubber.com\/es\/wp-json\/wp\/v2\/comments?post=495"}],"wp:featuredmedia":[{"embeddable":true,"href":"https:\/\/www.sterubber.com\/es\/wp-json\/wp\/v2\/media\/498"}],"wp:attachment":[{"href":"https:\/\/www.sterubber.com\/es\/wp-json\/wp\/v2\/media?parent=495"}],"wp:term":[{"taxonomy":"product_brand","embeddable":true,"href":"https:\/\/www.sterubber.com\/es\/wp-json\/wp\/v2\/product_brand?post=495"},{"taxonomy":"product_cat","embeddable":true,"href":"https:\/\/www.sterubber.com\/es\/wp-json\/wp\/v2\/product_cat?post=495"},{"taxonomy":"product_tag","embeddable":true,"href":"https:\/\/www.sterubber.com\/es\/wp-json\/wp\/v2\/product_tag?post=495"}],"curies":[{"name":"wp","href":"https:\/\/api.w.org\/{rel}","templated":true}]}}