{"id":432,"date":"2024-03-31T08:24:34","date_gmt":"2024-03-31T00:24:34","guid":{"rendered":"https:\/\/sterubber.com\/?post_type=product&#038;p=432"},"modified":"2024-04-07T10:31:31","modified_gmt":"2024-04-07T02:31:31","slug":"sellos-de-anillo-cuadruple","status":"publish","type":"product","link":"https:\/\/www.sterubber.com\/es\/product\/quad-ring-seals\/","title":{"rendered":"Sellos de anillo cu\u00e1druple"},"content":{"rendered":"<figure id=\"attachment_433\" aria-describedby=\"caption-attachment-433\" style=\"width: 750px\" class=\"wp-caption aligncenter\"><img fetchpriority=\"high\" decoding=\"async\" class=\"wp-image-433 size-full\" src=\"https:\/\/sterubber.com\/wp-content\/uploads\/2024\/03\/Quad-ring-seals-pic.jpg\" alt=\"Imagen de sellos de cuatro anillos\" width=\"750\" height=\"248\" srcset=\"https:\/\/www.sterubber.com\/wp-content\/uploads\/2024\/03\/Quad-ring-seals-pic.jpg 750w, https:\/\/www.sterubber.com\/wp-content\/uploads\/2024\/03\/Quad-ring-seals-pic-300x99.jpg 300w, https:\/\/www.sterubber.com\/wp-content\/uploads\/2024\/03\/Quad-ring-seals-pic-600x198.jpg 600w\" sizes=\"(max-width: 750px) 100vw, 750px\" \/><figcaption id=\"caption-attachment-433\" class=\"wp-caption-text\">Imagen de sellos de cuatro anillos<\/figcaption><\/figure>\n<p class=\"p\">Junta t\u00f3rica, tambi\u00e9n conocida como junta de estrella. Se utiliza para instalarse en una ranura con una peque\u00f1a tasa de compresi\u00f3n especial para reducir la fricci\u00f3n y tambi\u00e9n se utiliza en la ranura con la misma especificaci\u00f3n que la junta t\u00f3rica.<\/p>\n<p class=\"p\">Los anillos X tienen menor fricci\u00f3n y superan bien la torsi\u00f3n, luego tienen una mejor lubricaci\u00f3n; pueden ser un elemento de sellado a velocidades m\u00e1s bajas y son adecuados para el sellado est\u00e1tico.<\/p>\n<p class=\"p\">X-ring es un sello de cuatro labios, su forma es similar a la de una X y tiene las siguientes ventajas:<\/p>\n<p class=\"p\">\u00a01. En comparaci\u00f3n con la junta t\u00f3rica, la junta X forma una cavidad de lubricaci\u00f3n entre los labios de sellado, que tiene menos resistencia a la fricci\u00f3n y resistencia al arranque.<\/p>\n<p class=\"p\">2. Debido a que la ubicaci\u00f3n del borde volador est\u00e1 en la c\u00f3ncava de la secci\u00f3n transversal, el sellado es muy bueno.<\/p>\n<p class=\"p\">3. La secci\u00f3n transversal no circular puede evitar el desplazamiento durante el movimiento alternativo.<\/p>\n<p class=\"p\">\u00a0Los anillos de sello X tienen una amplia gama de aplicaciones.<\/p>\n<p class=\"p\">Seleccione el material apropiado seg\u00fan la temperatura, la presi\u00f3n y el medio.<\/p>\n<p class=\"p\">Para adaptar el anillo de sellado en forma de X como elemento de sellado a la situaci\u00f3n de aplicaci\u00f3n, debemos considerar las restricciones mutuas entre todos los par\u00e1metros de trabajo.<\/p>\n<p class=\"p\">Al determinar la especificaci\u00f3n de la aplicaci\u00f3n se deben tener en cuenta la temperatura m\u00e1xima, la temperatura de funcionamiento continuo y el per\u00edodo de funcionamiento.<\/p>\n<p class=\"p\">En la situaci\u00f3n de rotaci\u00f3n, tambi\u00e9n debemos tener en cuenta el calentamiento.<\/p>\n<p><strong>Ventajas del sello de junta t\u00f3rica cu\u00e1druple<\/strong><br \/>\nLos sellos X-Ring proporcionan cuatro puntos de apoyo directos para una amplia gama de aplicaciones. El dise\u00f1o de cuatro l\u00f3bulos produce un sello m\u00e1s seguro para contrarrestar la torsi\u00f3n en espiral. Esto permite el uso de un ancho de ranura m\u00e1s estrecho que una ranura de junta t\u00f3rica est\u00e1ndar, pero tambi\u00e9n se puede utilizar en una ranura de junta t\u00f3rica est\u00e1ndar. Los beneficios de Quad Ring incluyen:<br \/>\n* Menor desgaste debido a la baja fricci\u00f3n, proporcionando as\u00ed una vida \u00fatil m\u00e1s larga.<br \/>\n* Excelente eficiencia de sellado.<br \/>\n* Arranque mejorado con el dep\u00f3sito de lubricante formado entre los labios de sellado.<br \/>\n* Mayor estabilidad en aplicaciones din\u00e1micas.<br \/>\n* Mayor resistencia a la rodadura<\/p>","protected":false},"excerpt":{"rendered":"<p class=\"p\">Junta t\u00f3rica, tambi\u00e9n conocida como junta de estrella. Se utiliza para instalarse en una ranura con una peque\u00f1a tasa de compresi\u00f3n especial para reducir la fricci\u00f3n y tambi\u00e9n se utiliza en la ranura con la misma especificaci\u00f3n que la junta t\u00f3rica.<\/p>\n<p class=\"p\">Los anillos X tienen menor fricci\u00f3n y superan bien la torsi\u00f3n, luego tienen una mejor lubricaci\u00f3n; pueden ser un elemento de sellado a velocidades m\u00e1s bajas y son adecuados para el sellado est\u00e1tico.<\/p>","protected":false},"featured_media":434,"comment_status":"open","ping_status":"closed","template":"","meta":{"site-sidebar-layout":"default","site-content-layout":"","ast-site-content-layout":"default","site-content-style":"default","site-sidebar-style":"default","ast-global-header-display":"","ast-banner-title-visibility":"","ast-main-header-display":"","ast-hfb-above-header-display":"","ast-hfb-below-header-display":"","ast-hfb-mobile-header-display":"","site-post-title":"","ast-breadcrumbs-content":"","ast-featured-img":"","footer-sml-layout":"","ast-disable-related-posts":"","theme-transparent-header-meta":"default","adv-header-id-meta":"","stick-header-meta":"","header-above-stick-meta":"","header-main-stick-meta":"","header-below-stick-meta":"","astra-migrate-meta-layouts":"set","ast-page-background-enabled":"default","ast-page-background-meta":{"desktop":{"background-color":"var(--ast-global-color-4)","background-image":"","background-repeat":"repeat","background-position":"center center","background-size":"auto","background-attachment":"scroll","background-type":"","background-media":"","overlay-type":"","overlay-color":"","overlay-opacity":"","overlay-gradient":""},"tablet":{"background-color":"","background-image":"","background-repeat":"repeat","background-position":"center center","background-size":"auto","background-attachment":"scroll","background-type":"","background-media":"","overlay-type":"","overlay-color":"","overlay-opacity":"","overlay-gradient":""},"mobile":{"background-color":"","background-image":"","background-repeat":"repeat","background-position":"center center","background-size":"auto","background-attachment":"scroll","background-type":"","background-media":"","overlay-type":"","overlay-color":"","overlay-opacity":"","overlay-gradient":""}},"ast-content-background-meta":{"desktop":{"background-color":"var(--ast-global-color-5)","background-image":"","background-repeat":"repeat","background-position":"center center","background-size":"auto","background-attachment":"scroll","background-type":"","background-media":"","overlay-type":"","overlay-color":"","overlay-opacity":"","overlay-gradient":""},"tablet":{"background-color":"var(--ast-global-color-5)","background-image":"","background-repeat":"repeat","background-position":"center center","background-size":"auto","background-attachment":"scroll","background-type":"","background-media":"","overlay-type":"","overlay-color":"","overlay-opacity":"","overlay-gradient":""},"mobile":{"background-color":"var(--ast-global-color-5)","background-image":"","background-repeat":"repeat","background-position":"center center","background-size":"auto","background-attachment":"scroll","background-type":"","background-media":"","overlay-type":"","overlay-color":"","overlay-opacity":"","overlay-gradient":""}}},"product_brand":[],"product_cat":[25],"product_tag":[],"class_list":{"0":"post-432","1":"product","2":"type-product","3":"status-publish","4":"has-post-thumbnail","6":"product_cat-o-rings","7":"desktop-align-center","8":"tablet-align-left","9":"mobile-align-left","11":"first","12":"instock","13":"shipping-taxable","14":"product-type-simple"},"_links":{"self":[{"href":"https:\/\/www.sterubber.com\/es\/wp-json\/wp\/v2\/product\/432","targetHints":{"allow":["GET"]}}],"collection":[{"href":"https:\/\/www.sterubber.com\/es\/wp-json\/wp\/v2\/product"}],"about":[{"href":"https:\/\/www.sterubber.com\/es\/wp-json\/wp\/v2\/types\/product"}],"replies":[{"embeddable":true,"href":"https:\/\/www.sterubber.com\/es\/wp-json\/wp\/v2\/comments?post=432"}],"wp:featuredmedia":[{"embeddable":true,"href":"https:\/\/www.sterubber.com\/es\/wp-json\/wp\/v2\/media\/434"}],"wp:attachment":[{"href":"https:\/\/www.sterubber.com\/es\/wp-json\/wp\/v2\/media?parent=432"}],"wp:term":[{"taxonomy":"product_brand","embeddable":true,"href":"https:\/\/www.sterubber.com\/es\/wp-json\/wp\/v2\/product_brand?post=432"},{"taxonomy":"product_cat","embeddable":true,"href":"https:\/\/www.sterubber.com\/es\/wp-json\/wp\/v2\/product_cat?post=432"},{"taxonomy":"product_tag","embeddable":true,"href":"https:\/\/www.sterubber.com\/es\/wp-json\/wp\/v2\/product_tag?post=432"}],"curies":[{"name":"wp","href":"https:\/\/api.w.org\/{rel}","templated":true}]}}